{"id":618,"date":"2025-09-15T11:22:14","date_gmt":"2025-09-15T09:22:14","guid":{"rendered":"https:\/\/brucevogirona.com\/nosotros\/"},"modified":"2025-10-21T09:23:23","modified_gmt":"2025-10-21T07:23:23","slug":"nosotros","status":"publish","type":"page","link":"https:\/\/brucevogirona.com\/es\/nosotros\/","title":{"rendered":"Nosotros"},"content":{"rendered":"\t\t<div data-elementor-type=\"wp-page\" data-elementor-id=\"618\" class=\"elementor elementor-618 elementor-329\" data-elementor-post-type=\"page\">\n\t\t\t\t\t\t<section class=\"elementor-section elementor-top-section elementor-element elementor-element-d009136 elementor-section-full_width elementor-section-height-min-height elementor-section-height-default elementor-section-items-middle\" data-id=\"d009136\" data-element_type=\"section\" data-e-type=\"section\" data-settings=\"{&quot;background_background&quot;:&quot;classic&quot;}\">\n\t\t\t\t\t\t\t<div class=\"elementor-background-overlay\"><\/div>\n\t\t\t\t\t\t\t<div class=\"elementor-container elementor-column-gap-default\">\n\t\t\t\t\t<div class=\"elementor-column elementor-col-100 elementor-top-column elementor-element elementor-element-1ab1a05d\" data-id=\"1ab1a05d\" data-element_type=\"column\" data-e-type=\"column\">\n\t\t\t<div class=\"elementor-widget-wrap elementor-element-populated\">\n\t\t\t\t\t\t<section class=\"elementor-section elementor-inner-section elementor-element elementor-element-f5ba9b3 elementor-section-boxed elementor-section-height-default elementor-section-height-default\" data-id=\"f5ba9b3\" data-element_type=\"section\" data-e-type=\"section\">\n\t\t\t\t\t\t<div class=\"elementor-container elementor-column-gap-default\">\n\t\t\t\t\t<div class=\"elementor-column elementor-col-100 elementor-inner-column elementor-element elementor-element-3782a85e\" data-id=\"3782a85e\" data-element_type=\"column\" data-e-type=\"column\">\n\t\t\t<div class=\"elementor-widget-wrap elementor-element-populated\">\n\t\t\t\t\t\t<div class=\"elementor-element elementor-element-b01a2d1 elementor-widget elementor-widget-heading\" data-id=\"b01a2d1\" data-element_type=\"widget\" data-e-type=\"widget\" data-widget_type=\"heading.default\">\n\t\t\t\t<div class=\"elementor-widget-container\">\n\t\t\t\t\t<h1 class=\"elementor-heading-title elementor-size-default\">Nosotros<\/h1>\t\t\t\t<\/div>\n\t\t\t\t<\/div>\n\t\t\t\t<div class=\"elementor-element elementor-element-7692ae50 elementor-widget-divider--view-line elementor-widget elementor-widget-divider\" data-id=\"7692ae50\" data-element_type=\"widget\" data-e-type=\"widget\" data-widget_type=\"divider.default\">\n\t\t\t\t<div class=\"elementor-widget-container\">\n\t\t\t\t\t\t\t<div class=\"elementor-divider\">\n\t\t\t<span class=\"elementor-divider-separator\">\n\t\t\t\t\t\t<\/span>\n\t\t<\/div>\n\t\t\t\t\t\t<\/div>\n\t\t\t\t<\/div>\n\t\t\t\t<div class=\"elementor-element elementor-element-2436a429 elementor-widget elementor-widget-heading\" data-id=\"2436a429\" data-element_type=\"widget\" data-e-type=\"widget\" data-widget_type=\"heading.default\">\n\t\t\t\t<div class=\"elementor-widget-container\">\n\t\t\t\t\t<p class=\"elementor-heading-title elementor-size-default\">Expertos en la fabricaci\u00f3n de brezo natural<\/p>\t\t\t\t<\/div>\n\t\t\t\t<\/div>\n\t\t\t\t\t<\/div>\n\t\t<\/div>\n\t\t\t\t\t<\/div>\n\t\t<\/section>\n\t\t\t\t\t<\/div>\n\t\t<\/div>\n\t\t\t\t\t<\/div>\n\t\t<\/section>\n\t\t\t\t<section class=\"elementor-section elementor-top-section elementor-element elementor-element-bd6aef9 elementor-section-boxed elementor-section-height-default elementor-section-height-default\" data-id=\"bd6aef9\" data-element_type=\"section\" data-e-type=\"section\">\n\t\t\t\t\t\t<div class=\"elementor-container elementor-column-gap-default\">\n\t\t\t\t\t<div class=\"elementor-column elementor-col-33 elementor-top-column elementor-element elementor-element-09f6f69\" data-id=\"09f6f69\" data-element_type=\"column\" data-e-type=\"column\">\n\t\t\t<div class=\"elementor-widget-wrap\">\n\t\t\t\t\t\t\t<\/div>\n\t\t<\/div>\n\t\t\t\t<div class=\"elementor-column elementor-col-33 elementor-top-column elementor-element elementor-element-e8e942b\" data-id=\"e8e942b\" data-element_type=\"column\" data-e-type=\"column\">\n\t\t\t<div class=\"elementor-widget-wrap elementor-element-populated\">\n\t\t\t\t\t\t<div class=\"elementor-element elementor-element-9d77b0a elementor-widget elementor-widget-elementskit-heading\" data-id=\"9d77b0a\" data-element_type=\"widget\" data-e-type=\"widget\" data-widget_type=\"elementskit-heading.default\">\n\t\t\t\t<div class=\"elementor-widget-container\">\n\t\t\t\t\t<div class=\"ekit-wid-con\" ><div class=\"ekit-heading elementskit-section-title-wraper text_center   ekit_heading_tablet-   ekit_heading_mobile-\"><h3 class=\"ekit-heading--title elementskit-section-title \">Sobre <span><span>nosotros<\/span><\/span><\/h3><h4 class=\"ekit-heading--subtitle elementskit-section-subtitle  \">\n\t\t\t\t\t\tFabricantes para instaladores profesionales\n\t\t\t\t\t<\/h4><div class=\"ekit_heading_separetor_wraper ekit_heading_elementskit-border-divider elementskit-style-long\"><div class=\"elementskit-border-divider elementskit-style-long\"><\/div><\/div><\/div><\/div>\t\t\t\t<\/div>\n\t\t\t\t<\/div>\n\t\t\t\t\t<\/div>\n\t\t<\/div>\n\t\t\t\t<div class=\"elementor-column elementor-col-33 elementor-top-column elementor-element elementor-element-d2eb482\" data-id=\"d2eb482\" data-element_type=\"column\" data-e-type=\"column\">\n\t\t\t<div class=\"elementor-widget-wrap\">\n\t\t\t\t\t\t\t<\/div>\n\t\t<\/div>\n\t\t\t\t\t<\/div>\n\t\t<\/section>\n\t\t\t\t<section class=\"elementor-section elementor-top-section elementor-element elementor-element-27ce17a3 elementor-section-boxed elementor-section-height-default elementor-section-height-default\" data-id=\"27ce17a3\" data-element_type=\"section\" data-e-type=\"section\">\n\t\t\t\t\t\t<div class=\"elementor-container elementor-column-gap-default\">\n\t\t\t\t\t<div class=\"elementor-column elementor-col-50 elementor-top-column elementor-element elementor-element-321acc41\" data-id=\"321acc41\" data-element_type=\"column\" data-e-type=\"column\">\n\t\t\t<div class=\"elementor-widget-wrap elementor-element-populated\">\n\t\t\t\t\t\t<div class=\"elementor-element elementor-element-2b1342e1 elementor-widget elementor-widget-image\" data-id=\"2b1342e1\" data-element_type=\"widget\" data-e-type=\"widget\" data-widget_type=\"image.default\">\n\t\t\t\t<div class=\"elementor-widget-container\">\n\t\t\t\t\t\t\t\t\t\t\t\t\t\t\t<img fetchpriority=\"high\" decoding=\"async\" width=\"512\" height=\"512\" src=\"https:\/\/brucevogirona.com\/wp-content\/uploads\/2025\/10\/brucevo-nosaltres.png\" class=\"attachment-large size-large wp-image-859\" alt=\"\" srcset=\"https:\/\/brucevogirona.com\/wp-content\/uploads\/2025\/10\/brucevo-nosaltres.png 512w, https:\/\/brucevogirona.com\/wp-content\/uploads\/2025\/10\/brucevo-nosaltres-300x300.png 300w, https:\/\/brucevogirona.com\/wp-content\/uploads\/2025\/10\/brucevo-nosaltres-150x150.png 150w\" sizes=\"(max-width: 512px) 100vw, 512px\" \/>\t\t\t\t\t\t\t\t\t\t\t\t\t\t\t<\/div>\n\t\t\t\t<\/div>\n\t\t\t\t\t<\/div>\n\t\t<\/div>\n\t\t\t\t<div class=\"elementor-column elementor-col-50 elementor-top-column elementor-element elementor-element-77810d18\" data-id=\"77810d18\" data-element_type=\"column\" data-e-type=\"column\">\n\t\t\t<div class=\"elementor-widget-wrap elementor-element-populated\">\n\t\t\t\t\t\t<div class=\"elementor-element elementor-element-3947c602 elementor-widget elementor-widget-text-editor\" data-id=\"3947c602\" data-element_type=\"widget\" data-e-type=\"widget\" data-widget_type=\"text-editor.default\">\n\t\t\t\t<div class=\"elementor-widget-container\">\n\t\t\t\t\t\t\t\t\t<p>Somos fabricantes especializados en la producci\u00f3n de vallas de brezo natural. Trabajamos con brezo seleccionado y entrelazado de manera artesanal para obtener paneles densos y resistentes, pensados para proyectos profesionales de ocultaci\u00f3n y cerramiento. Nuestro objetivo es suministrar un producto de m\u00e1xima calidad que permita a los instaladores ofrecer seguridad, privacidad y est\u00e9tica a sus clientes. Utilizamos \u00fanicamente materiales 100\u202f% naturales y sostenibles, respetuosos con el medio ambiente. Apostamos por un servicio cercano y profesional, cuidando cada fase de la fabricaci\u00f3n y la entrega para garantizar un acabado homog\u00e9neo, duradero y fiable.<\/p><p>Cada pieza que fabricamos pasa por estrictos controles de calidad y se prepara pensando en una instalaci\u00f3n r\u00e1pida y segura, adaptada a las necesidades de cada proyecto. Somos m\u00e1s que un proveedor: somos un socio de confianza que acompa\u00f1a a nuestros clientes en todo momento, ofreciendo asesoramiento t\u00e9cnico, atenci\u00f3n personalizada y un servicio cercano que facilita el d\u00eda a d\u00eda de los profesionales del sector.<\/p>\t\t\t\t\t\t\t\t<\/div>\n\t\t\t\t<\/div>\n\t\t\t\t<div class=\"elementor-element elementor-element-709c0f50 elementor-widget elementor-widget-button\" data-id=\"709c0f50\" data-element_type=\"widget\" data-e-type=\"widget\" data-widget_type=\"button.default\">\n\t\t\t\t<div class=\"elementor-widget-container\">\n\t\t\t\t\t\t\t\t\t<div class=\"elementor-button-wrapper\">\n\t\t\t\t\t<a class=\"elementor-button elementor-button-link elementor-size-sm\" href=\"https:\/\/brucevogirona.com\/es\/contacto\/\">\n\t\t\t\t\t\t<span class=\"elementor-button-content-wrapper\">\n\t\t\t\t\t\t\t\t\t<span class=\"elementor-button-text\">Contacto<\/span>\n\t\t\t\t\t<\/span>\n\t\t\t\t\t<\/a>\n\t\t\t\t<\/div>\n\t\t\t\t\t\t\t\t<\/div>\n\t\t\t\t<\/div>\n\t\t\t\t\t<\/div>\n\t\t<\/div>\n\t\t\t\t\t<\/div>\n\t\t<\/section>\n\t\t\t\t<section class=\"elementor-section elementor-top-section elementor-element elementor-element-3a2aa2fd elementor-section-boxed elementor-section-height-default elementor-section-height-default\" data-id=\"3a2aa2fd\" data-element_type=\"section\" data-e-type=\"section\">\n\t\t\t\t\t\t<div class=\"elementor-container elementor-column-gap-default\">\n\t\t\t\t\t<div class=\"elementor-column elementor-col-100 elementor-top-column elementor-element elementor-element-2c0e39a6\" data-id=\"2c0e39a6\" data-element_type=\"column\" data-e-type=\"column\">\n\t\t\t<div class=\"elementor-widget-wrap elementor-element-populated\">\n\t\t\t\t\t\t<div class=\"elementor-element elementor-element-70921cc7 elementor-widget-divider--view-line elementor-widget elementor-widget-divider\" data-id=\"70921cc7\" data-element_type=\"widget\" data-e-type=\"widget\" data-widget_type=\"divider.default\">\n\t\t\t\t<div class=\"elementor-widget-container\">\n\t\t\t\t\t\t\t<div class=\"elementor-divider\">\n\t\t\t<span class=\"elementor-divider-separator\">\n\t\t\t\t\t\t<\/span>\n\t\t<\/div>\n\t\t\t\t\t\t<\/div>\n\t\t\t\t<\/div>\n\t\t\t\t\t<\/div>\n\t\t<\/div>\n\t\t\t\t\t<\/div>\n\t\t<\/section>\n\t\t\t\t<section class=\"elementor-section elementor-top-section elementor-element elementor-element-32f68faa elementor-section-boxed elementor-section-height-default elementor-section-height-default\" data-id=\"32f68faa\" data-element_type=\"section\" data-e-type=\"section\">\n\t\t\t\t\t\t<div class=\"elementor-container elementor-column-gap-default\">\n\t\t\t\t\t<div class=\"elementor-column elementor-col-33 elementor-top-column elementor-element elementor-element-5d99a6a3\" data-id=\"5d99a6a3\" data-element_type=\"column\" data-e-type=\"column\">\n\t\t\t<div class=\"elementor-widget-wrap elementor-element-populated\">\n\t\t\t\t\t\t<div class=\"elementor-element elementor-element-1c383945 ekit-equal-height-enable elementor-widget elementor-widget-elementskit-icon-box\" data-id=\"1c383945\" data-element_type=\"widget\" data-e-type=\"widget\" data-widget_type=\"elementskit-icon-box.default\">\n\t\t\t\t<div class=\"elementor-widget-container\">\n\t\t\t\t\t<div class=\"ekit-wid-con\" >        <!-- link opening -->\n                <!-- end link opening -->\n\n        <div class=\"elementskit-infobox text-left text-left icon-top-align elementor-animation-  gradient-active  hover_from_left\">\n                    <div class=\"elementskit-box-header elementor-animation-\">\n                <div class=\"elementskit-info-box-icon  \">\n                    <i aria-hidden=\"true\" class=\"elementkit-infobox-icon icon icon-star2\"><\/i>\n                <\/div>\n          <\/div>\n                        <div class=\"box-body\">\n                            <h5 class=\"elementskit-info-box-title\">\n                    Experiencia contrastada                <\/h5>\n                        \t\t  \t<p>Amplia trayectoria fabricando vallas de brezo con resultados impecables.<\/p>\n                                <\/div>\n        \n        <div class=\"icon-hover\">\n            <i aria-hidden=\"true\" class=\"icon icon-star2\"><\/i>        <\/div>\n\n        \n        \n                <\/div>\n        <\/div>\t\t\t\t<\/div>\n\t\t\t\t<\/div>\n\t\t\t\t\t<\/div>\n\t\t<\/div>\n\t\t\t\t<div class=\"elementor-column elementor-col-33 elementor-top-column elementor-element elementor-element-6200fac6\" data-id=\"6200fac6\" data-element_type=\"column\" data-e-type=\"column\">\n\t\t\t<div class=\"elementor-widget-wrap elementor-element-populated\">\n\t\t\t\t\t\t<div class=\"elementor-element elementor-element-22c3283f ekit-equal-height-enable elementor-widget elementor-widget-elementskit-icon-box\" data-id=\"22c3283f\" data-element_type=\"widget\" data-e-type=\"widget\" data-widget_type=\"elementskit-icon-box.default\">\n\t\t\t\t<div class=\"elementor-widget-container\">\n\t\t\t\t\t<div class=\"ekit-wid-con\" >        <!-- link opening -->\n                <!-- end link opening -->\n\n        <div class=\"elementskit-infobox text-left text-left icon-top-align elementor-animation-  gradient-active  hover_from_left\">\n                    <div class=\"elementskit-box-header elementor-animation-\">\n                <div class=\"elementskit-info-box-icon  \">\n                    <i aria-hidden=\"true\" class=\"elementkit-infobox-icon icon icon-hand_shake\"><\/i>\n                <\/div>\n          <\/div>\n                        <div class=\"box-body\">\n                            <h5 class=\"elementskit-info-box-title\">\n                    Trato cercano y profesional                <\/h5>\n                        \t\t  \t<p>Nos adaptamos a las necesidades de cada cliente.<\/p>\n                                <\/div>\n        \n        <div class=\"icon-hover\">\n            <i aria-hidden=\"true\" class=\"icon icon-handshake\"><\/i>        <\/div>\n\n        \n        \n                <\/div>\n        <\/div>\t\t\t\t<\/div>\n\t\t\t\t<\/div>\n\t\t\t\t\t<\/div>\n\t\t<\/div>\n\t\t\t\t<div class=\"elementor-column elementor-col-33 elementor-top-column elementor-element elementor-element-5cc3833a\" data-id=\"5cc3833a\" data-element_type=\"column\" data-e-type=\"column\">\n\t\t\t<div class=\"elementor-widget-wrap elementor-element-populated\">\n\t\t\t\t\t\t<div class=\"elementor-element elementor-element-2f68cc33 ekit-equal-height-enable elementor-widget elementor-widget-elementskit-icon-box\" data-id=\"2f68cc33\" data-element_type=\"widget\" data-e-type=\"widget\" data-widget_type=\"elementskit-icon-box.default\">\n\t\t\t\t<div class=\"elementor-widget-container\">\n\t\t\t\t\t<div class=\"ekit-wid-con\" >        <!-- link opening -->\n                <!-- end link opening -->\n\n        <div class=\"elementskit-infobox text-left text-left icon-top-align elementor-animation-  gradient-active  hover_from_left\">\n                    <div class=\"elementskit-box-header elementor-animation-\">\n                <div class=\"elementskit-info-box-icon  \">\n                    <i aria-hidden=\"true\" class=\"elementkit-infobox-icon icon icon-leaf\"><\/i>\n                <\/div>\n          <\/div>\n                        <div class=\"box-body\">\n                            <h5 class=\"elementskit-info-box-title\">\n                    Compromiso con la sostenibilidad                <\/h5>\n                        \t\t  \t<p>Trabajamos s\u00f3lo con materiales 100% naturales y respetuosos con el medio ambiente.<\/p>\n                                <\/div>\n        \n        <div class=\"icon-hover\">\n            <i aria-hidden=\"true\" class=\"icon icon-leaf\"><\/i>        <\/div>\n\n        \n        \n                <\/div>\n        <\/div>\t\t\t\t<\/div>\n\t\t\t\t<\/div>\n\t\t\t\t\t<\/div>\n\t\t<\/div>\n\t\t\t\t\t<\/div>\n\t\t<\/section>\n\t\t\t\t<\/div>\n\t\t","protected":false},"excerpt":{"rendered":"<p>Expertos en la fabricaci\u00f3n de brezo natural Sobre nosotros Fabricantes para instaladores profesionales Somos fabricantes especializados en la producci\u00f3n de vallas de brezo natural. Trabajamos con brezo seleccionado y entrelazado de manera artesanal para obtener paneles densos y resistentes, pensados para proyectos profesionales de ocultaci\u00f3n y cerramiento. Nuestro objetivo es suministrar un producto de m\u00e1xima [&hellip;]<\/p>\n","protected":false},"author":2,"featured_media":0,"parent":0,"menu_order":0,"comment_status":"closed","ping_status":"closed","template":"","meta":{"footnotes":""},"class_list":["post-618","page","type-page","status-publish","hentry"],"yoast_head":"<!-- This site is optimized with the Yoast SEO plugin v27.4 - https:\/\/yoast.com\/product\/yoast-seo-wordpress\/ -->\n<title>Nosotros - BRUCEVO Girona<\/title>\n<meta name=\"robots\" content=\"index, follow, max-snippet:-1, max-image-preview:large, max-video-preview:-1\" \/>\n<link rel=\"canonical\" href=\"https:\/\/brucevogirona.com\/es\/nosotros\/\" \/>\n<meta property=\"og:locale\" content=\"es_ES\" \/>\n<meta property=\"og:type\" content=\"article\" \/>\n<meta property=\"og:title\" content=\"Nosotros - BRUCEVO Girona\" \/>\n<meta property=\"og:description\" content=\"Expertos en la fabricaci\u00f3n de brezo natural Sobre nosotros Fabricantes para instaladores profesionales Somos fabricantes especializados en la producci\u00f3n de vallas de brezo natural. Trabajamos con brezo seleccionado y entrelazado de manera artesanal para obtener paneles densos y resistentes, pensados para proyectos profesionales de ocultaci\u00f3n y cerramiento. Nuestro objetivo es suministrar un producto de m\u00e1xima [&hellip;]\" \/>\n<meta property=\"og:url\" content=\"https:\/\/brucevogirona.com\/es\/nosotros\/\" \/>\n<meta property=\"og:site_name\" content=\"BRUCEVO Girona\" \/>\n<meta property=\"article:modified_time\" content=\"2025-10-21T07:23:23+00:00\" \/>\n<meta property=\"og:image\" content=\"https:\/\/brucevogirona.com\/wp-content\/uploads\/2025\/10\/brucevo-nosaltres.png\" \/>\n<meta name=\"twitter:card\" content=\"summary_large_image\" \/>\n<meta name=\"twitter:label1\" content=\"Tiempo de lectura\" \/>\n\t<meta name=\"twitter:data1\" content=\"2 minutos\" \/>\n<script type=\"application\/ld+json\" class=\"yoast-schema-graph\">{\"@context\":\"https:\\\/\\\/schema.org\",\"@graph\":[{\"@type\":\"WebPage\",\"@id\":\"https:\\\/\\\/brucevogirona.com\\\/es\\\/nosotros\\\/\",\"url\":\"https:\\\/\\\/brucevogirona.com\\\/es\\\/nosotros\\\/\",\"name\":\"Nosotros - BRUCEVO Girona\",\"isPartOf\":{\"@id\":\"https:\\\/\\\/brucevogirona.com\\\/es\\\/#website\"},\"primaryImageOfPage\":{\"@id\":\"https:\\\/\\\/brucevogirona.com\\\/es\\\/nosotros\\\/#primaryimage\"},\"image\":{\"@id\":\"https:\\\/\\\/brucevogirona.com\\\/es\\\/nosotros\\\/#primaryimage\"},\"thumbnailUrl\":\"https:\\\/\\\/brucevogirona.com\\\/wp-content\\\/uploads\\\/2025\\\/10\\\/brucevo-nosaltres.png\",\"datePublished\":\"2025-09-15T09:22:14+00:00\",\"dateModified\":\"2025-10-21T07:23:23+00:00\",\"breadcrumb\":{\"@id\":\"https:\\\/\\\/brucevogirona.com\\\/es\\\/nosotros\\\/#breadcrumb\"},\"inLanguage\":\"es\",\"potentialAction\":[{\"@type\":\"ReadAction\",\"target\":[\"https:\\\/\\\/brucevogirona.com\\\/es\\\/nosotros\\\/\"]}]},{\"@type\":\"ImageObject\",\"inLanguage\":\"es\",\"@id\":\"https:\\\/\\\/brucevogirona.com\\\/es\\\/nosotros\\\/#primaryimage\",\"url\":\"https:\\\/\\\/brucevogirona.com\\\/wp-content\\\/uploads\\\/2025\\\/10\\\/brucevo-nosaltres.png\",\"contentUrl\":\"https:\\\/\\\/brucevogirona.com\\\/wp-content\\\/uploads\\\/2025\\\/10\\\/brucevo-nosaltres.png\"},{\"@type\":\"BreadcrumbList\",\"@id\":\"https:\\\/\\\/brucevogirona.com\\\/es\\\/nosotros\\\/#breadcrumb\",\"itemListElement\":[{\"@type\":\"ListItem\",\"position\":1,\"name\":\"Portada\",\"item\":\"https:\\\/\\\/brucevogirona.com\\\/es\\\/\"},{\"@type\":\"ListItem\",\"position\":2,\"name\":\"Nosotros\"}]},{\"@type\":\"WebSite\",\"@id\":\"https:\\\/\\\/brucevogirona.com\\\/es\\\/#website\",\"url\":\"https:\\\/\\\/brucevogirona.com\\\/es\\\/\",\"name\":\"BRUCEVO Girona\",\"description\":\"Experts en tanques de bruc natural a Girona\",\"potentialAction\":[{\"@type\":\"SearchAction\",\"target\":{\"@type\":\"EntryPoint\",\"urlTemplate\":\"https:\\\/\\\/brucevogirona.com\\\/es\\\/?s={search_term_string}\"},\"query-input\":{\"@type\":\"PropertyValueSpecification\",\"valueRequired\":true,\"valueName\":\"search_term_string\"}}],\"inLanguage\":\"es\"}]}<\/script>\n<!-- \/ Yoast SEO plugin. -->","yoast_head_json":{"title":"Nosotros - BRUCEVO Girona","robots":{"index":"index","follow":"follow","max-snippet":"max-snippet:-1","max-image-preview":"max-image-preview:large","max-video-preview":"max-video-preview:-1"},"canonical":"https:\/\/brucevogirona.com\/es\/nosotros\/","og_locale":"es_ES","og_type":"article","og_title":"Nosotros - BRUCEVO Girona","og_description":"Expertos en la fabricaci\u00f3n de brezo natural Sobre nosotros Fabricantes para instaladores profesionales Somos fabricantes especializados en la producci\u00f3n de vallas de brezo natural. Trabajamos con brezo seleccionado y entrelazado de manera artesanal para obtener paneles densos y resistentes, pensados para proyectos profesionales de ocultaci\u00f3n y cerramiento. Nuestro objetivo es suministrar un producto de m\u00e1xima [&hellip;]","og_url":"https:\/\/brucevogirona.com\/es\/nosotros\/","og_site_name":"BRUCEVO Girona","article_modified_time":"2025-10-21T07:23:23+00:00","og_image":[{"url":"https:\/\/brucevogirona.com\/wp-content\/uploads\/2025\/10\/brucevo-nosaltres.png","type":"","width":"","height":""}],"twitter_card":"summary_large_image","twitter_misc":{"Tiempo de lectura":"2 minutos"},"schema":{"@context":"https:\/\/schema.org","@graph":[{"@type":"WebPage","@id":"https:\/\/brucevogirona.com\/es\/nosotros\/","url":"https:\/\/brucevogirona.com\/es\/nosotros\/","name":"Nosotros - BRUCEVO Girona","isPartOf":{"@id":"https:\/\/brucevogirona.com\/es\/#website"},"primaryImageOfPage":{"@id":"https:\/\/brucevogirona.com\/es\/nosotros\/#primaryimage"},"image":{"@id":"https:\/\/brucevogirona.com\/es\/nosotros\/#primaryimage"},"thumbnailUrl":"https:\/\/brucevogirona.com\/wp-content\/uploads\/2025\/10\/brucevo-nosaltres.png","datePublished":"2025-09-15T09:22:14+00:00","dateModified":"2025-10-21T07:23:23+00:00","breadcrumb":{"@id":"https:\/\/brucevogirona.com\/es\/nosotros\/#breadcrumb"},"inLanguage":"es","potentialAction":[{"@type":"ReadAction","target":["https:\/\/brucevogirona.com\/es\/nosotros\/"]}]},{"@type":"ImageObject","inLanguage":"es","@id":"https:\/\/brucevogirona.com\/es\/nosotros\/#primaryimage","url":"https:\/\/brucevogirona.com\/wp-content\/uploads\/2025\/10\/brucevo-nosaltres.png","contentUrl":"https:\/\/brucevogirona.com\/wp-content\/uploads\/2025\/10\/brucevo-nosaltres.png"},{"@type":"BreadcrumbList","@id":"https:\/\/brucevogirona.com\/es\/nosotros\/#breadcrumb","itemListElement":[{"@type":"ListItem","position":1,"name":"Portada","item":"https:\/\/brucevogirona.com\/es\/"},{"@type":"ListItem","position":2,"name":"Nosotros"}]},{"@type":"WebSite","@id":"https:\/\/brucevogirona.com\/es\/#website","url":"https:\/\/brucevogirona.com\/es\/","name":"BRUCEVO Girona","description":"Experts en tanques de bruc natural a Girona","potentialAction":[{"@type":"SearchAction","target":{"@type":"EntryPoint","urlTemplate":"https:\/\/brucevogirona.com\/es\/?s={search_term_string}"},"query-input":{"@type":"PropertyValueSpecification","valueRequired":true,"valueName":"search_term_string"}}],"inLanguage":"es"}]}},"_links":{"self":[{"href":"https:\/\/brucevogirona.com\/es\/wp-json\/wp\/v2\/pages\/618","targetHints":{"allow":["GET"]}}],"collection":[{"href":"https:\/\/brucevogirona.com\/es\/wp-json\/wp\/v2\/pages"}],"about":[{"href":"https:\/\/brucevogirona.com\/es\/wp-json\/wp\/v2\/types\/page"}],"author":[{"embeddable":true,"href":"https:\/\/brucevogirona.com\/es\/wp-json\/wp\/v2\/users\/2"}],"replies":[{"embeddable":true,"href":"https:\/\/brucevogirona.com\/es\/wp-json\/wp\/v2\/comments?post=618"}],"version-history":[{"count":12,"href":"https:\/\/brucevogirona.com\/es\/wp-json\/wp\/v2\/pages\/618\/revisions"}],"predecessor-version":[{"id":863,"href":"https:\/\/brucevogirona.com\/es\/wp-json\/wp\/v2\/pages\/618\/revisions\/863"}],"wp:attachment":[{"href":"https:\/\/brucevogirona.com\/es\/wp-json\/wp\/v2\/media?parent=618"}],"curies":[{"name":"wp","href":"https:\/\/api.w.org\/{rel}","templated":true}]}}