{"id":641,"date":"2025-09-15T11:43:18","date_gmt":"2025-09-15T09:43:18","guid":{"rendered":"https:\/\/brucevogirona.com\/testimonios\/"},"modified":"2025-09-23T10:32:36","modified_gmt":"2025-09-23T08:32:36","slug":"testimonios","status":"publish","type":"page","link":"https:\/\/brucevogirona.com\/es\/testimonios\/","title":{"rendered":"Testimonios"},"content":{"rendered":"\t\t<div data-elementor-type=\"wp-page\" data-elementor-id=\"641\" class=\"elementor elementor-641 elementor-353\" data-elementor-post-type=\"page\">\n\t\t\t\t\t\t<section class=\"elementor-section elementor-top-section elementor-element elementor-element-4999d97a elementor-section-full_width elementor-section-height-min-height elementor-section-height-default elementor-section-items-middle\" data-id=\"4999d97a\" data-element_type=\"section\" data-e-type=\"section\" data-settings=\"{&quot;background_background&quot;:&quot;classic&quot;}\">\n\t\t\t\t\t\t\t<div class=\"elementor-background-overlay\"><\/div>\n\t\t\t\t\t\t\t<div class=\"elementor-container elementor-column-gap-default\">\n\t\t\t\t\t<div class=\"elementor-column elementor-col-100 elementor-top-column elementor-element elementor-element-3261b732\" data-id=\"3261b732\" data-element_type=\"column\" data-e-type=\"column\">\n\t\t\t<div class=\"elementor-widget-wrap elementor-element-populated\">\n\t\t\t\t\t\t<section class=\"elementor-section elementor-inner-section elementor-element elementor-element-78a29896 elementor-section-boxed elementor-section-height-default elementor-section-height-default\" data-id=\"78a29896\" data-element_type=\"section\" data-e-type=\"section\">\n\t\t\t\t\t\t<div class=\"elementor-container elementor-column-gap-default\">\n\t\t\t\t\t<div class=\"elementor-column elementor-col-100 elementor-inner-column elementor-element elementor-element-66e72b70\" data-id=\"66e72b70\" data-element_type=\"column\" data-e-type=\"column\">\n\t\t\t<div class=\"elementor-widget-wrap elementor-element-populated\">\n\t\t\t\t\t\t<div class=\"elementor-element elementor-element-a38f01c elementor-widget elementor-widget-heading\" data-id=\"a38f01c\" data-element_type=\"widget\" data-e-type=\"widget\" data-widget_type=\"heading.default\">\n\t\t\t\t<div class=\"elementor-widget-container\">\n\t\t\t\t\t<h1 class=\"elementor-heading-title elementor-size-default\">Testimonios<\/h1>\t\t\t\t<\/div>\n\t\t\t\t<\/div>\n\t\t\t\t<div class=\"elementor-element elementor-element-371e82ef elementor-widget-divider--view-line elementor-widget elementor-widget-divider\" data-id=\"371e82ef\" data-element_type=\"widget\" data-e-type=\"widget\" data-widget_type=\"divider.default\">\n\t\t\t\t<div class=\"elementor-widget-container\">\n\t\t\t\t\t\t\t<div class=\"elementor-divider\">\n\t\t\t<span class=\"elementor-divider-separator\">\n\t\t\t\t\t\t<\/span>\n\t\t<\/div>\n\t\t\t\t\t\t<\/div>\n\t\t\t\t<\/div>\n\t\t\t\t<div class=\"elementor-element elementor-element-554c97bf elementor-widget elementor-widget-heading\" data-id=\"554c97bf\" data-element_type=\"widget\" data-e-type=\"widget\" data-widget_type=\"heading.default\">\n\t\t\t\t<div class=\"elementor-widget-container\">\n\t\t\t\t\t<p class=\"elementor-heading-title elementor-size-default\">Opiniones con valor<\/p>\t\t\t\t<\/div>\n\t\t\t\t<\/div>\n\t\t\t\t\t<\/div>\n\t\t<\/div>\n\t\t\t\t\t<\/div>\n\t\t<\/section>\n\t\t\t\t\t<\/div>\n\t\t<\/div>\n\t\t\t\t\t<\/div>\n\t\t<\/section>\n\t\t\t\t<section class=\"elementor-section elementor-top-section elementor-element elementor-element-37c3ade elementor-section-boxed elementor-section-height-default elementor-section-height-default\" data-id=\"37c3ade\" data-element_type=\"section\" data-e-type=\"section\">\n\t\t\t\t\t\t<div class=\"elementor-container elementor-column-gap-default\">\n\t\t\t\t\t<div class=\"elementor-column elementor-col-33 elementor-top-column elementor-element elementor-element-66d7734\" data-id=\"66d7734\" data-element_type=\"column\" data-e-type=\"column\">\n\t\t\t<div class=\"elementor-widget-wrap\">\n\t\t\t\t\t\t\t<\/div>\n\t\t<\/div>\n\t\t\t\t<div class=\"elementor-column elementor-col-33 elementor-top-column elementor-element elementor-element-d794cb0\" data-id=\"d794cb0\" data-element_type=\"column\" data-e-type=\"column\">\n\t\t\t<div class=\"elementor-widget-wrap elementor-element-populated\">\n\t\t\t\t\t\t<div class=\"elementor-element elementor-element-fb43e09 elementor-widget elementor-widget-elementskit-heading\" data-id=\"fb43e09\" data-element_type=\"widget\" data-e-type=\"widget\" data-widget_type=\"elementskit-heading.default\">\n\t\t\t\t<div class=\"elementor-widget-container\">\n\t\t\t\t\t<div class=\"ekit-wid-con\" ><div class=\"ekit-heading elementskit-section-title-wraper text_center   ekit_heading_tablet-   ekit_heading_mobile-\"><h3 class=\"ekit-heading--title elementskit-section-title \">Rese\u00f1as de <span><span>BRUC.EVO<\/span><\/span><\/h3><h4 class=\"ekit-heading--subtitle elementskit-section-subtitle  \">\n\t\t\t\t\t\tLo que dicen nuestros clientes\n\t\t\t\t\t<\/h4><div class=\"ekit_heading_separetor_wraper ekit_heading_elementskit-border-divider elementskit-style-long\"><div class=\"elementskit-border-divider elementskit-style-long\"><\/div><\/div><\/div><\/div>\t\t\t\t<\/div>\n\t\t\t\t<\/div>\n\t\t\t\t\t<\/div>\n\t\t<\/div>\n\t\t\t\t<div class=\"elementor-column elementor-col-33 elementor-top-column elementor-element elementor-element-f0770fb\" data-id=\"f0770fb\" data-element_type=\"column\" data-e-type=\"column\">\n\t\t\t<div class=\"elementor-widget-wrap\">\n\t\t\t\t\t\t\t<\/div>\n\t\t<\/div>\n\t\t\t\t\t<\/div>\n\t\t<\/section>\n\t\t\t\t<section class=\"elementor-section elementor-top-section elementor-element elementor-element-1fbc0c37 elementor-section-boxed elementor-section-height-default elementor-section-height-default\" data-id=\"1fbc0c37\" data-element_type=\"section\" data-e-type=\"section\">\n\t\t\t\t\t\t<div class=\"elementor-container elementor-column-gap-default\">\n\t\t\t\t\t<div class=\"elementor-column elementor-col-100 elementor-top-column elementor-element elementor-element-6b7e16b1\" data-id=\"6b7e16b1\" data-element_type=\"column\" data-e-type=\"column\">\n\t\t\t<div class=\"elementor-widget-wrap elementor-element-populated\">\n\t\t\t\t\t\t<div class=\"elementor-element elementor-element-1c29c5cd elementor-widget elementor-widget-widgetkit-for-elementor-testimonial-1\" data-id=\"1c29c5cd\" data-element_type=\"widget\" data-e-type=\"widget\" data-widget_type=\"widgetkit-for-elementor-testimonial-1.default\">\n\t\t\t\t<div class=\"elementor-widget-container\">\n\t\t\t\t\t\r\n    <div class=\"tgx-testimonial-1 1c29c5cd\">\r\n                      <div class=\"testimoni-wrapper\">\r\n                <div class=\"testimony\"> <p> Con la valla de brezo ganamos intimidad en el jard\u00edn y, adem\u00e1s, queda preciosa. La instalaci\u00f3n fue r\u00e1pida y muy profesional.<\/p><\/div>\r\n                <div class=\"author\">\r\n                 \r\n                                           <div class=\"col-md-4\">\r\n                    \r\n                                                     <span>\r\n                                  <img fetchpriority=\"high\" decoding=\"async\" width=\"512\" height=\"512\" src=\"https:\/\/brucevogirona.com\/wp-content\/uploads\/2025\/09\/L.jpg\" class=\"testimonial-image\" alt=\"\" srcset=\"https:\/\/brucevogirona.com\/wp-content\/uploads\/2025\/09\/L.jpg 512w, https:\/\/brucevogirona.com\/wp-content\/uploads\/2025\/09\/L-300x300.jpg 300w, https:\/\/brucevogirona.com\/wp-content\/uploads\/2025\/09\/L-150x150.jpg 150w\" sizes=\"(max-width: 512px) 100vw, 512px\" \/>                              <\/span>\r\n                                              \r\n                    <\/div>\r\n                                                                 <div class=\"col-md-8\">\r\n                                                                                  <h4 class=\"name\">Laura<\/h4>\r\n                            \r\n                                                          <p class=\"designation\">Madrid<\/p>\r\n                                                 <\/div>\r\n                <\/div>\r\n            <\/div>\r\n                      <div class=\"testimoni-wrapper\">\r\n                <div class=\"testimony\"> <p> Excelente servicio y material de excelente calidad. Ahora podemos gozar de la terraza sin miradas curiosas.<\/p><\/div>\r\n                <div class=\"author\">\r\n                 \r\n                                           <div class=\"col-md-4\">\r\n                    \r\n                                                     <span>\r\n                                  <img decoding=\"async\" width=\"512\" height=\"512\" src=\"https:\/\/brucevogirona.com\/wp-content\/uploads\/2025\/09\/C.png\" class=\"testimonial-image\" alt=\"\" srcset=\"https:\/\/brucevogirona.com\/wp-content\/uploads\/2025\/09\/C.png 512w, https:\/\/brucevogirona.com\/wp-content\/uploads\/2025\/09\/C-300x300.png 300w, https:\/\/brucevogirona.com\/wp-content\/uploads\/2025\/09\/C-150x150.png 150w\" sizes=\"(max-width: 512px) 100vw, 512px\" \/>                              <\/span>\r\n                                              \r\n                    <\/div>\r\n                                                                 <div class=\"col-md-8\">\r\n                                                                                  <h4 class=\"name\">Carles i Marta<\/h4>\r\n                            \r\n                                                          <p class=\"designation\">Alcal\u00e0<\/p>\r\n                                                 <\/div>\r\n                <\/div>\r\n            <\/div>\r\n                      <div class=\"testimoni-wrapper\">\r\n                <div class=\"testimony\"> <p> Quer\u00edamos un cierre ecol\u00f3gico y duradero; nos recomendaron el brezo natural y estamos encantados con el resultado.<\/p><\/div>\r\n                <div class=\"author\">\r\n                 \r\n                                           <div class=\"col-md-4\">\r\n                    \r\n                                                     <span>\r\n                                  <img decoding=\"async\" width=\"512\" height=\"512\" src=\"https:\/\/brucevogirona.com\/wp-content\/uploads\/2025\/09\/P.jpg\" class=\"testimonial-image\" alt=\"\" srcset=\"https:\/\/brucevogirona.com\/wp-content\/uploads\/2025\/09\/P.jpg 512w, https:\/\/brucevogirona.com\/wp-content\/uploads\/2025\/09\/P-300x300.jpg 300w, https:\/\/brucevogirona.com\/wp-content\/uploads\/2025\/09\/P-150x150.jpg 150w\" sizes=\"(max-width: 512px) 100vw, 512px\" \/>                              <\/span>\r\n                                              \r\n                    <\/div>\r\n                                                                 <div class=\"col-md-8\">\r\n                                                                                  <h4 class=\"name\">Pilar<\/h4>\r\n                            \r\n                                                          <p class=\"designation\">Pozuelo<\/p>\r\n                                                 <\/div>\r\n                <\/div>\r\n            <\/div>\r\n                      \r\n    <\/div><!-- \/.section -->\r\n\r\n    <script type='text\/javascript'>\r\n          jQuery(document).ready(function($) {\r\n            jQuery(\".1c29c5cd\").addClass(\"owl-carousel\").owlCarousel({\r\n                  pagination: false,\r\n                  margin:10,\r\n                  dots:false,\r\n                  \r\n                                        center:true,\r\n                                    loop:true,\r\n                  nav: false,\r\n                  navClass: ['owl-carousel-left','owl-carousel-right'],\r\n                  navText: ['<i class=\"fa fa-angle-left\"><\/i>', '<i class=\"fa fa-angle-right\"><\/i>'],\r\n                  autoHeight : true,\r\n                                   autoplay:true,\r\n                                responsive:{\r\n                      0:{\r\n                          items:1\r\n                      },\r\n                      600:{\r\n                          items:1\r\n                      },\r\n                      1000:{\r\n                          items: 3                      }\r\n                  }\r\n               });\r\n        });\r\n\r\n\r\n    <\/script>\r\n\r\n    <script type=\"text\/javascript\">\r\n        jQuery(function($){\r\n            if(!$('body').hasClass('wk-testimonial-single')){\r\n                $('body').addClass('wk-testimonial-single');\r\n            }\r\n        });\r\n\r\n    <\/script>\r\n\t\t\t\t<\/div>\n\t\t\t\t<\/div>\n\t\t\t\t\t<\/div>\n\t\t<\/div>\n\t\t\t\t\t<\/div>\n\t\t<\/section>\n\t\t\t\t<\/div>\n\t\t","protected":false},"excerpt":{"rendered":"<p>Opiniones con valor Rese\u00f1as de BRUC.EVO Lo que dicen nuestros clientes Con la valla de brezo ganamos intimidad en el jard\u00edn y, adem\u00e1s, queda preciosa. La instalaci\u00f3n fue r\u00e1pida y muy profesional. Laura Madrid Excelente servicio y material de excelente calidad. Ahora podemos gozar de la terraza sin miradas curiosas. Carles i Marta Alcal\u00e0 Quer\u00edamos [&hellip;]<\/p>\n","protected":false},"author":2,"featured_media":0,"parent":0,"menu_order":0,"comment_status":"closed","ping_status":"closed","template":"","meta":{"footnotes":""},"class_list":["post-641","page","type-page","status-publish","hentry"],"yoast_head":"<!-- This site is optimized with the Yoast SEO plugin v27.4 - https:\/\/yoast.com\/product\/yoast-seo-wordpress\/ -->\n<title>Testimonios - BRUCEVO Girona<\/title>\n<meta name=\"robots\" content=\"index, follow, max-snippet:-1, max-image-preview:large, max-video-preview:-1\" \/>\n<link rel=\"canonical\" href=\"https:\/\/brucevogirona.com\/es\/testimonios\/\" \/>\n<meta property=\"og:locale\" content=\"es_ES\" \/>\n<meta property=\"og:type\" content=\"article\" \/>\n<meta property=\"og:title\" content=\"Testimonios - BRUCEVO Girona\" \/>\n<meta property=\"og:description\" content=\"Opiniones con valor Rese\u00f1as de BRUC.EVO Lo que dicen nuestros clientes Con la valla de brezo ganamos intimidad en el jard\u00edn y, adem\u00e1s, queda preciosa. La instalaci\u00f3n fue r\u00e1pida y muy profesional. Laura Madrid Excelente servicio y material de excelente calidad. Ahora podemos gozar de la terraza sin miradas curiosas. Carles i Marta Alcal\u00e0 Quer\u00edamos [&hellip;]\" \/>\n<meta property=\"og:url\" content=\"https:\/\/brucevogirona.com\/es\/testimonios\/\" \/>\n<meta property=\"og:site_name\" content=\"BRUCEVO Girona\" \/>\n<meta property=\"article:modified_time\" content=\"2025-09-23T08:32:36+00:00\" \/>\n<meta property=\"og:image\" content=\"https:\/\/brucevogirona.com\/wp-content\/uploads\/2025\/09\/L.jpg\" \/>\n<meta name=\"twitter:card\" content=\"summary_large_image\" \/>\n<meta name=\"twitter:label1\" content=\"Tiempo de lectura\" \/>\n\t<meta name=\"twitter:data1\" content=\"3 minutos\" \/>\n<script type=\"application\/ld+json\" class=\"yoast-schema-graph\">{\"@context\":\"https:\\\/\\\/schema.org\",\"@graph\":[{\"@type\":\"WebPage\",\"@id\":\"https:\\\/\\\/brucevogirona.com\\\/es\\\/testimonios\\\/\",\"url\":\"https:\\\/\\\/brucevogirona.com\\\/es\\\/testimonios\\\/\",\"name\":\"Testimonios - BRUCEVO Girona\",\"isPartOf\":{\"@id\":\"https:\\\/\\\/brucevogirona.com\\\/es\\\/#website\"},\"primaryImageOfPage\":{\"@id\":\"https:\\\/\\\/brucevogirona.com\\\/es\\\/testimonios\\\/#primaryimage\"},\"image\":{\"@id\":\"https:\\\/\\\/brucevogirona.com\\\/es\\\/testimonios\\\/#primaryimage\"},\"thumbnailUrl\":\"https:\\\/\\\/brucevogirona.com\\\/wp-content\\\/uploads\\\/2025\\\/09\\\/L.jpg\",\"datePublished\":\"2025-09-15T09:43:18+00:00\",\"dateModified\":\"2025-09-23T08:32:36+00:00\",\"breadcrumb\":{\"@id\":\"https:\\\/\\\/brucevogirona.com\\\/es\\\/testimonios\\\/#breadcrumb\"},\"inLanguage\":\"es\",\"potentialAction\":[{\"@type\":\"ReadAction\",\"target\":[\"https:\\\/\\\/brucevogirona.com\\\/es\\\/testimonios\\\/\"]}]},{\"@type\":\"ImageObject\",\"inLanguage\":\"es\",\"@id\":\"https:\\\/\\\/brucevogirona.com\\\/es\\\/testimonios\\\/#primaryimage\",\"url\":\"https:\\\/\\\/brucevogirona.com\\\/wp-content\\\/uploads\\\/2025\\\/09\\\/L.jpg\",\"contentUrl\":\"https:\\\/\\\/brucevogirona.com\\\/wp-content\\\/uploads\\\/2025\\\/09\\\/L.jpg\"},{\"@type\":\"BreadcrumbList\",\"@id\":\"https:\\\/\\\/brucevogirona.com\\\/es\\\/testimonios\\\/#breadcrumb\",\"itemListElement\":[{\"@type\":\"ListItem\",\"position\":1,\"name\":\"Portada\",\"item\":\"https:\\\/\\\/brucevogirona.com\\\/es\\\/\"},{\"@type\":\"ListItem\",\"position\":2,\"name\":\"Testimonios\"}]},{\"@type\":\"WebSite\",\"@id\":\"https:\\\/\\\/brucevogirona.com\\\/es\\\/#website\",\"url\":\"https:\\\/\\\/brucevogirona.com\\\/es\\\/\",\"name\":\"BRUCEVO Girona\",\"description\":\"Experts en tanques de bruc natural a Girona\",\"potentialAction\":[{\"@type\":\"SearchAction\",\"target\":{\"@type\":\"EntryPoint\",\"urlTemplate\":\"https:\\\/\\\/brucevogirona.com\\\/es\\\/?s={search_term_string}\"},\"query-input\":{\"@type\":\"PropertyValueSpecification\",\"valueRequired\":true,\"valueName\":\"search_term_string\"}}],\"inLanguage\":\"es\"}]}<\/script>\n<!-- \/ Yoast SEO plugin. -->","yoast_head_json":{"title":"Testimonios - BRUCEVO Girona","robots":{"index":"index","follow":"follow","max-snippet":"max-snippet:-1","max-image-preview":"max-image-preview:large","max-video-preview":"max-video-preview:-1"},"canonical":"https:\/\/brucevogirona.com\/es\/testimonios\/","og_locale":"es_ES","og_type":"article","og_title":"Testimonios - BRUCEVO Girona","og_description":"Opiniones con valor Rese\u00f1as de BRUC.EVO Lo que dicen nuestros clientes Con la valla de brezo ganamos intimidad en el jard\u00edn y, adem\u00e1s, queda preciosa. La instalaci\u00f3n fue r\u00e1pida y muy profesional. Laura Madrid Excelente servicio y material de excelente calidad. Ahora podemos gozar de la terraza sin miradas curiosas. Carles i Marta Alcal\u00e0 Quer\u00edamos [&hellip;]","og_url":"https:\/\/brucevogirona.com\/es\/testimonios\/","og_site_name":"BRUCEVO Girona","article_modified_time":"2025-09-23T08:32:36+00:00","og_image":[{"url":"https:\/\/brucevogirona.com\/wp-content\/uploads\/2025\/09\/L.jpg","type":"","width":"","height":""}],"twitter_card":"summary_large_image","twitter_misc":{"Tiempo de lectura":"3 minutos"},"schema":{"@context":"https:\/\/schema.org","@graph":[{"@type":"WebPage","@id":"https:\/\/brucevogirona.com\/es\/testimonios\/","url":"https:\/\/brucevogirona.com\/es\/testimonios\/","name":"Testimonios - BRUCEVO Girona","isPartOf":{"@id":"https:\/\/brucevogirona.com\/es\/#website"},"primaryImageOfPage":{"@id":"https:\/\/brucevogirona.com\/es\/testimonios\/#primaryimage"},"image":{"@id":"https:\/\/brucevogirona.com\/es\/testimonios\/#primaryimage"},"thumbnailUrl":"https:\/\/brucevogirona.com\/wp-content\/uploads\/2025\/09\/L.jpg","datePublished":"2025-09-15T09:43:18+00:00","dateModified":"2025-09-23T08:32:36+00:00","breadcrumb":{"@id":"https:\/\/brucevogirona.com\/es\/testimonios\/#breadcrumb"},"inLanguage":"es","potentialAction":[{"@type":"ReadAction","target":["https:\/\/brucevogirona.com\/es\/testimonios\/"]}]},{"@type":"ImageObject","inLanguage":"es","@id":"https:\/\/brucevogirona.com\/es\/testimonios\/#primaryimage","url":"https:\/\/brucevogirona.com\/wp-content\/uploads\/2025\/09\/L.jpg","contentUrl":"https:\/\/brucevogirona.com\/wp-content\/uploads\/2025\/09\/L.jpg"},{"@type":"BreadcrumbList","@id":"https:\/\/brucevogirona.com\/es\/testimonios\/#breadcrumb","itemListElement":[{"@type":"ListItem","position":1,"name":"Portada","item":"https:\/\/brucevogirona.com\/es\/"},{"@type":"ListItem","position":2,"name":"Testimonios"}]},{"@type":"WebSite","@id":"https:\/\/brucevogirona.com\/es\/#website","url":"https:\/\/brucevogirona.com\/es\/","name":"BRUCEVO Girona","description":"Experts en tanques de bruc natural a Girona","potentialAction":[{"@type":"SearchAction","target":{"@type":"EntryPoint","urlTemplate":"https:\/\/brucevogirona.com\/es\/?s={search_term_string}"},"query-input":{"@type":"PropertyValueSpecification","valueRequired":true,"valueName":"search_term_string"}}],"inLanguage":"es"}]}},"_links":{"self":[{"href":"https:\/\/brucevogirona.com\/es\/wp-json\/wp\/v2\/pages\/641","targetHints":{"allow":["GET"]}}],"collection":[{"href":"https:\/\/brucevogirona.com\/es\/wp-json\/wp\/v2\/pages"}],"about":[{"href":"https:\/\/brucevogirona.com\/es\/wp-json\/wp\/v2\/types\/page"}],"author":[{"embeddable":true,"href":"https:\/\/brucevogirona.com\/es\/wp-json\/wp\/v2\/users\/2"}],"replies":[{"embeddable":true,"href":"https:\/\/brucevogirona.com\/es\/wp-json\/wp\/v2\/comments?post=641"}],"version-history":[{"count":4,"href":"https:\/\/brucevogirona.com\/es\/wp-json\/wp\/v2\/pages\/641\/revisions"}],"predecessor-version":[{"id":664,"href":"https:\/\/brucevogirona.com\/es\/wp-json\/wp\/v2\/pages\/641\/revisions\/664"}],"wp:attachment":[{"href":"https:\/\/brucevogirona.com\/es\/wp-json\/wp\/v2\/media?parent=641"}],"curies":[{"name":"wp","href":"https:\/\/api.w.org\/{rel}","templated":true}]}}