{"id":643,"date":"2025-09-15T11:41:50","date_gmt":"2025-09-15T09:41:50","guid":{"rendered":"https:\/\/brucevogirona.com\/preguntas-frecuentes\/"},"modified":"2025-10-21T09:24:47","modified_gmt":"2025-10-21T07:24:47","slug":"preguntas-frecuentes","status":"publish","type":"page","link":"https:\/\/brucevogirona.com\/es\/preguntas-frecuentes\/","title":{"rendered":"Preguntas frecuentes"},"content":{"rendered":"\t\t<div data-elementor-type=\"wp-page\" data-elementor-id=\"643\" class=\"elementor elementor-643 elementor-345\" data-elementor-post-type=\"page\">\n\t\t\t\t\t\t<section class=\"elementor-section elementor-top-section elementor-element elementor-element-2a0a8921 elementor-section-full_width elementor-section-height-min-height elementor-section-height-default elementor-section-items-middle\" data-id=\"2a0a8921\" data-element_type=\"section\" data-e-type=\"section\" data-settings=\"{&quot;background_background&quot;:&quot;classic&quot;}\">\n\t\t\t\t\t\t\t<div class=\"elementor-background-overlay\"><\/div>\n\t\t\t\t\t\t\t<div class=\"elementor-container elementor-column-gap-default\">\n\t\t\t\t\t<div class=\"elementor-column elementor-col-100 elementor-top-column elementor-element elementor-element-2bf73eff\" data-id=\"2bf73eff\" data-element_type=\"column\" data-e-type=\"column\">\n\t\t\t<div class=\"elementor-widget-wrap elementor-element-populated\">\n\t\t\t\t\t\t<section class=\"elementor-section elementor-inner-section elementor-element elementor-element-6397abe7 elementor-section-boxed elementor-section-height-default elementor-section-height-default\" data-id=\"6397abe7\" data-element_type=\"section\" data-e-type=\"section\">\n\t\t\t\t\t\t<div class=\"elementor-container elementor-column-gap-default\">\n\t\t\t\t\t<div class=\"elementor-column elementor-col-100 elementor-inner-column elementor-element elementor-element-396024bc\" data-id=\"396024bc\" data-element_type=\"column\" data-e-type=\"column\">\n\t\t\t<div class=\"elementor-widget-wrap elementor-element-populated\">\n\t\t\t\t\t\t<div class=\"elementor-element elementor-element-7e8f63e4 elementor-widget elementor-widget-heading\" data-id=\"7e8f63e4\" data-element_type=\"widget\" data-e-type=\"widget\" data-widget_type=\"heading.default\">\n\t\t\t\t<div class=\"elementor-widget-container\">\n\t\t\t\t\t<h1 class=\"elementor-heading-title elementor-size-default\">Preguntas frecuentes<\/h1>\t\t\t\t<\/div>\n\t\t\t\t<\/div>\n\t\t\t\t<div class=\"elementor-element elementor-element-73571f66 elementor-widget-divider--view-line elementor-widget elementor-widget-divider\" data-id=\"73571f66\" data-element_type=\"widget\" data-e-type=\"widget\" data-widget_type=\"divider.default\">\n\t\t\t\t<div class=\"elementor-widget-container\">\n\t\t\t\t\t\t\t<div class=\"elementor-divider\">\n\t\t\t<span class=\"elementor-divider-separator\">\n\t\t\t\t\t\t<\/span>\n\t\t<\/div>\n\t\t\t\t\t\t<\/div>\n\t\t\t\t<\/div>\n\t\t\t\t<div class=\"elementor-element elementor-element-36497287 elementor-widget elementor-widget-heading\" data-id=\"36497287\" data-element_type=\"widget\" data-e-type=\"widget\" data-widget_type=\"heading.default\">\n\t\t\t\t<div class=\"elementor-widget-container\">\n\t\t\t\t\t<p class=\"elementor-heading-title elementor-size-default\">Empiece sin dudarlo<\/p>\t\t\t\t<\/div>\n\t\t\t\t<\/div>\n\t\t\t\t\t<\/div>\n\t\t<\/div>\n\t\t\t\t\t<\/div>\n\t\t<\/section>\n\t\t\t\t\t<\/div>\n\t\t<\/div>\n\t\t\t\t\t<\/div>\n\t\t<\/section>\n\t\t\t\t<section class=\"elementor-section elementor-top-section elementor-element elementor-element-79e06c2 elementor-section-boxed elementor-section-height-default elementor-section-height-default\" data-id=\"79e06c2\" data-element_type=\"section\" data-e-type=\"section\">\n\t\t\t\t\t\t<div class=\"elementor-container elementor-column-gap-default\">\n\t\t\t\t\t<div class=\"elementor-column elementor-col-33 elementor-top-column elementor-element elementor-element-c59c9f5\" data-id=\"c59c9f5\" data-element_type=\"column\" data-e-type=\"column\">\n\t\t\t<div class=\"elementor-widget-wrap\">\n\t\t\t\t\t\t\t<\/div>\n\t\t<\/div>\n\t\t\t\t<div class=\"elementor-column elementor-col-33 elementor-top-column elementor-element elementor-element-d4e86ed\" data-id=\"d4e86ed\" data-element_type=\"column\" data-e-type=\"column\">\n\t\t\t<div class=\"elementor-widget-wrap elementor-element-populated\">\n\t\t\t\t\t\t<div class=\"elementor-element elementor-element-285e79a elementor-widget elementor-widget-elementskit-heading\" data-id=\"285e79a\" data-element_type=\"widget\" data-e-type=\"widget\" data-widget_type=\"elementskit-heading.default\">\n\t\t\t\t<div class=\"elementor-widget-container\">\n\t\t\t\t\t<div class=\"ekit-wid-con\" ><div class=\"ekit-heading elementskit-section-title-wraper text_center   ekit_heading_tablet-   ekit_heading_mobile-\"><h3 class=\"ekit-heading--title elementskit-section-title \">Preguntas <span><span>frecuentes<\/span><\/span><\/h3><h4 class=\"ekit-heading--subtitle elementskit-section-subtitle  \">\n\t\t\t\t\t\tInf\u00f3rmese antes de decidir\n\t\t\t\t\t<\/h4><div class=\"ekit_heading_separetor_wraper ekit_heading_elementskit-border-divider elementskit-style-long\"><div class=\"elementskit-border-divider elementskit-style-long\"><\/div><\/div><\/div><\/div>\t\t\t\t<\/div>\n\t\t\t\t<\/div>\n\t\t\t\t\t<\/div>\n\t\t<\/div>\n\t\t\t\t<div class=\"elementor-column elementor-col-33 elementor-top-column elementor-element elementor-element-621d664\" data-id=\"621d664\" data-element_type=\"column\" data-e-type=\"column\">\n\t\t\t<div class=\"elementor-widget-wrap\">\n\t\t\t\t\t\t\t<\/div>\n\t\t<\/div>\n\t\t\t\t\t<\/div>\n\t\t<\/section>\n\t\t\t\t<section class=\"elementor-section elementor-top-section elementor-element elementor-element-39b12326 elementor-section-boxed elementor-section-height-default elementor-section-height-default\" data-id=\"39b12326\" data-element_type=\"section\" data-e-type=\"section\">\n\t\t\t\t\t\t<div class=\"elementor-container elementor-column-gap-default\">\n\t\t\t\t\t<div class=\"elementor-column elementor-col-100 elementor-top-column elementor-element elementor-element-61d040d1\" data-id=\"61d040d1\" data-element_type=\"column\" data-e-type=\"column\">\n\t\t\t<div class=\"elementor-widget-wrap elementor-element-populated\">\n\t\t\t\t\t\t<div class=\"elementor-element elementor-element-dce52dd elementor-widget elementor-widget-elementskit-accordion\" data-id=\"dce52dd\" data-element_type=\"widget\" data-e-type=\"widget\" data-widget_type=\"elementskit-accordion.default\">\n\t\t\t\t<div class=\"elementor-widget-container\">\n\t\t\t\t\t<div class=\"ekit-wid-con\" >\n        <div class=\"elementskit-accordion accoedion-primary\" id=\"accordion-69e3f0d28ef52\">\n\n            \n                <div class=\"elementskit-card active\">\n                    <div class=\"elementskit-card-header\" id=\"primaryHeading-0-dce52dd\">\n                        <a href=\"#collapse-7bf5c3d69e3f0d28ef52\" class=\"ekit-accordion--toggler elementskit-btn-link collapsed\" data-ekit-toggle=\"collapse\" data-target=\"#Collapse-7bf5c3d69e3f0d28ef52\" aria-expanded=\"true\" aria-controls=\"Collapse-7bf5c3d69e3f0d28ef52\">\n                            \n                            <span class=\"ekit-accordion-title\">\u00bfCu\u00e1nto dura una valla de brezo natural?<\/span>\n\n                            \n                                <div class=\"ekit_accordion_icon_group\">\n                                    <div class=\"ekit_accordion_normal_icon\">\n                                        <!-- Normal Icon -->\n\t\t\t\t\t\t\t\t\t\t<i class=\"icon icon-down-arrow1\"><\/i>                                    <\/div>\n\n                                    <div class=\"ekit_accordion_active_icon\">\n                                        <!-- Active Icon -->\n\t\t\t\t\t\t\t\t\t\t<i class=\"icon icon-up-arrow1\"><\/i>                                    <\/div>\n                                <\/div>\n\n                            \n                                                    <\/a>\n                    <\/div>\n\n                    <div id=\"Collapse-7bf5c3d69e3f0d28ef52\" class=\" show collapse\" aria-labelledby=\"primaryHeading-0-dce52dd\" data-parent=\"#accordion-69e3f0d28ef52\">\n\n                        <div class=\"elementskit-card-body ekit-accordion--content\">\n                            <p>Nuestros paneles pueden durar entre 5 y 15 a\u00f1os seg\u00fan el clima y el mantenimiento.<\/p>\n                        <\/div>\n\n                    <\/div>\n\n                <\/div><!-- .elementskit-card END -->\n\n                \n                <div class=\"elementskit-card \">\n                    <div class=\"elementskit-card-header\" id=\"primaryHeading-1-dce52dd\">\n                        <a href=\"#collapse-7e69c7e69e3f0d28ef52\" class=\"ekit-accordion--toggler elementskit-btn-link collapsed\" data-ekit-toggle=\"collapse\" data-target=\"#Collapse-7e69c7e69e3f0d28ef52\" aria-expanded=\"false\" aria-controls=\"Collapse-7e69c7e69e3f0d28ef52\">\n                            \n                            <span class=\"ekit-accordion-title\">\u00bfCu\u00e1l es el pedido m\u00ednimo?<\/span>\n\n                            \n                                <div class=\"ekit_accordion_icon_group\">\n                                    <div class=\"ekit_accordion_normal_icon\">\n                                        <!-- Normal Icon -->\n\t\t\t\t\t\t\t\t\t\t<i class=\"icon icon-down-arrow1\"><\/i>                                    <\/div>\n\n                                    <div class=\"ekit_accordion_active_icon\">\n                                        <!-- Active Icon -->\n\t\t\t\t\t\t\t\t\t\t<i class=\"icon icon-up-arrow1\"><\/i>                                    <\/div>\n                                <\/div>\n\n                            \n                                                    <\/a>\n                    <\/div>\n\n                    <div id=\"Collapse-7e69c7e69e3f0d28ef52\" class=\" collapse\" aria-labelledby=\"primaryHeading-1-dce52dd\" data-parent=\"#accordion-69e3f0d28ef52\">\n\n                        <div class=\"elementskit-card-body ekit-accordion--content\">\n                            <p>Ofrecemos flexibilidad: desde peque\u00f1os proyectos hasta grandes vol\u00famenes.<\/p>\n                        <\/div>\n\n                    <\/div>\n\n                <\/div><!-- .elementskit-card END -->\n\n                \n                <div class=\"elementskit-card \">\n                    <div class=\"elementskit-card-header\" id=\"primaryHeading-2-dce52dd\">\n                        <a href=\"#collapse-f4d805c69e3f0d28ef52\" class=\"ekit-accordion--toggler elementskit-btn-link collapsed\" data-ekit-toggle=\"collapse\" data-target=\"#Collapse-f4d805c69e3f0d28ef52\" aria-expanded=\"false\" aria-controls=\"Collapse-f4d805c69e3f0d28ef52\">\n                            \n                            <span class=\"ekit-accordion-title\">\u00bfQu\u00e9 tama\u00f1os est\u00e1n disponibles?<\/span>\n\n                            \n                                <div class=\"ekit_accordion_icon_group\">\n                                    <div class=\"ekit_accordion_normal_icon\">\n                                        <!-- Normal Icon -->\n\t\t\t\t\t\t\t\t\t\t<i class=\"icon icon-down-arrow1\"><\/i>                                    <\/div>\n\n                                    <div class=\"ekit_accordion_active_icon\">\n                                        <!-- Active Icon -->\n\t\t\t\t\t\t\t\t\t\t<i class=\"icon icon-up-arrow1\"><\/i>                                    <\/div>\n                                <\/div>\n\n                            \n                                                    <\/a>\n                    <\/div>\n\n                    <div id=\"Collapse-f4d805c69e3f0d28ef52\" class=\" collapse\" aria-labelledby=\"primaryHeading-2-dce52dd\" data-parent=\"#accordion-69e3f0d28ef52\">\n\n                        <div class=\"elementskit-card-body ekit-accordion--content\">\n                            <p>Disponemos de varios altos y grosores. Tambi\u00e9n trabajamos con medidas especiales bajo pedido.<\/p>\n<p>Tenemos una gran variedad de tama\u00f1os disponibles:<br \/>0,5m \/ 0,8m \/ 1m \/ 1,2m \/ 1,5m \/ 1,8m \/ 2m<\/p>\n<p>Ten en cuenta que cada rollo tiene 3m de largo.<\/p>\n                        <\/div>\n\n                    <\/div>\n\n                <\/div><!-- .elementskit-card END -->\n\n                \n                <div class=\"elementskit-card \">\n                    <div class=\"elementskit-card-header\" id=\"primaryHeading-3-dce52dd\">\n                        <a href=\"#collapse-f1e787469e3f0d28ef52\" class=\"ekit-accordion--toggler elementskit-btn-link collapsed\" data-ekit-toggle=\"collapse\" data-target=\"#Collapse-f1e787469e3f0d28ef52\" aria-expanded=\"false\" aria-controls=\"Collapse-f1e787469e3f0d28ef52\">\n                            \n                            <span class=\"ekit-accordion-title\">\u00bfNecesita mucho mantenimiento?<\/span>\n\n                            \n                                <div class=\"ekit_accordion_icon_group\">\n                                    <div class=\"ekit_accordion_normal_icon\">\n                                        <!-- Normal Icon -->\n\t\t\t\t\t\t\t\t\t\t<i class=\"icon icon-down-arrow1\"><\/i>                                    <\/div>\n\n                                    <div class=\"ekit_accordion_active_icon\">\n                                        <!-- Active Icon -->\n\t\t\t\t\t\t\t\t\t\t<i class=\"icon icon-up-arrow1\"><\/i>                                    <\/div>\n                                <\/div>\n\n                            \n                                                    <\/a>\n                    <\/div>\n\n                    <div id=\"Collapse-f1e787469e3f0d28ef52\" class=\" collapse\" aria-labelledby=\"primaryHeading-3-dce52dd\" data-parent=\"#accordion-69e3f0d28ef52\">\n\n                        <div class=\"elementskit-card-body ekit-accordion--content\">\n                            <p>Solo requiere una limpieza ocasional de polvo y hojas; un mantenimiento sencillo para una valla siempre perfecta.<\/p>\n                        <\/div>\n\n                    <\/div>\n\n                <\/div><!-- .elementskit-card END -->\n\n                \n                <div class=\"elementskit-card \">\n                    <div class=\"elementskit-card-header\" id=\"primaryHeading-4-dce52dd\">\n                        <a href=\"#collapse-e64d5a169e3f0d28ef52\" class=\"ekit-accordion--toggler elementskit-btn-link collapsed\" data-ekit-toggle=\"collapse\" data-target=\"#Collapse-e64d5a169e3f0d28ef52\" aria-expanded=\"false\" aria-controls=\"Collapse-e64d5a169e3f0d28ef52\">\n                            \n                            <span class=\"ekit-accordion-title\">\u00bfHac\u00e9is env\u00edos fuera de Espa\u00f1a?<\/span>\n\n                            \n                                <div class=\"ekit_accordion_icon_group\">\n                                    <div class=\"ekit_accordion_normal_icon\">\n                                        <!-- Normal Icon -->\n\t\t\t\t\t\t\t\t\t\t<i class=\"icon icon-down-arrow1\"><\/i>                                    <\/div>\n\n                                    <div class=\"ekit_accordion_active_icon\">\n                                        <!-- Active Icon -->\n\t\t\t\t\t\t\t\t\t\t<i class=\"icon icon-up-arrow1\"><\/i>                                    <\/div>\n                                <\/div>\n\n                            \n                                                    <\/a>\n                    <\/div>\n\n                    <div id=\"Collapse-e64d5a169e3f0d28ef52\" class=\" collapse\" aria-labelledby=\"primaryHeading-4-dce52dd\" data-parent=\"#accordion-69e3f0d28ef52\">\n\n                        <div class=\"elementskit-card-body ekit-accordion--content\">\n                            <p>S\u00ed, ofrecemos servicio de distribuci\u00f3n nacional e internacional.<\/p>\n                        <\/div>\n\n                    <\/div>\n\n                <\/div><!-- .elementskit-card END -->\n\n                                        <\/div>\n    <\/div>\t\t\t\t<\/div>\n\t\t\t\t<\/div>\n\t\t\t\t\t<\/div>\n\t\t<\/div>\n\t\t\t\t\t<\/div>\n\t\t<\/section>\n\t\t\t\t<\/div>\n\t\t","protected":false},"excerpt":{"rendered":"<p>Empiece sin dudarlo Preguntas frecuentes Inf\u00f3rmese antes de decidir \u00bfCu\u00e1nto dura una valla de brezo natural? Nuestros paneles pueden durar entre 5 y 15 a\u00f1os seg\u00fan el clima y el mantenimiento. \u00bfCu\u00e1l es el pedido m\u00ednimo? Ofrecemos flexibilidad: desde peque\u00f1os proyectos hasta grandes vol\u00famenes. \u00bfQu\u00e9 tama\u00f1os est\u00e1n disponibles? Disponemos de varios altos y grosores. Tambi\u00e9n [&hellip;]<\/p>\n","protected":false},"author":2,"featured_media":0,"parent":0,"menu_order":0,"comment_status":"closed","ping_status":"closed","template":"","meta":{"footnotes":""},"class_list":["post-643","page","type-page","status-publish","hentry"],"yoast_head":"<!-- This site is optimized with the Yoast SEO plugin v27.4 - https:\/\/yoast.com\/product\/yoast-seo-wordpress\/ -->\n<title>Preguntas frecuentes - BRUCEVO Girona<\/title>\n<meta name=\"robots\" content=\"index, follow, max-snippet:-1, max-image-preview:large, max-video-preview:-1\" \/>\n<link rel=\"canonical\" href=\"https:\/\/brucevogirona.com\/es\/preguntas-frecuentes\/\" \/>\n<meta property=\"og:locale\" content=\"es_ES\" \/>\n<meta property=\"og:type\" content=\"article\" \/>\n<meta property=\"og:title\" content=\"Preguntas frecuentes - BRUCEVO Girona\" \/>\n<meta property=\"og:description\" content=\"Empiece sin dudarlo Preguntas frecuentes Inf\u00f3rmese antes de decidir \u00bfCu\u00e1nto dura una valla de brezo natural? Nuestros paneles pueden durar entre 5 y 15 a\u00f1os seg\u00fan el clima y el mantenimiento. \u00bfCu\u00e1l es el pedido m\u00ednimo? Ofrecemos flexibilidad: desde peque\u00f1os proyectos hasta grandes vol\u00famenes. \u00bfQu\u00e9 tama\u00f1os est\u00e1n disponibles? Disponemos de varios altos y grosores. Tambi\u00e9n [&hellip;]\" \/>\n<meta property=\"og:url\" content=\"https:\/\/brucevogirona.com\/es\/preguntas-frecuentes\/\" \/>\n<meta property=\"og:site_name\" content=\"BRUCEVO Girona\" \/>\n<meta property=\"article:modified_time\" content=\"2025-10-21T07:24:47+00:00\" \/>\n<meta name=\"twitter:card\" content=\"summary_large_image\" \/>\n<meta name=\"twitter:label1\" content=\"Tiempo de lectura\" \/>\n\t<meta name=\"twitter:data1\" content=\"1 minuto\" \/>\n<script type=\"application\/ld+json\" class=\"yoast-schema-graph\">{\"@context\":\"https:\\\/\\\/schema.org\",\"@graph\":[{\"@type\":\"WebPage\",\"@id\":\"https:\\\/\\\/brucevogirona.com\\\/es\\\/preguntas-frecuentes\\\/\",\"url\":\"https:\\\/\\\/brucevogirona.com\\\/es\\\/preguntas-frecuentes\\\/\",\"name\":\"Preguntas frecuentes - BRUCEVO Girona\",\"isPartOf\":{\"@id\":\"https:\\\/\\\/brucevogirona.com\\\/es\\\/#website\"},\"datePublished\":\"2025-09-15T09:41:50+00:00\",\"dateModified\":\"2025-10-21T07:24:47+00:00\",\"breadcrumb\":{\"@id\":\"https:\\\/\\\/brucevogirona.com\\\/es\\\/preguntas-frecuentes\\\/#breadcrumb\"},\"inLanguage\":\"es\",\"potentialAction\":[{\"@type\":\"ReadAction\",\"target\":[\"https:\\\/\\\/brucevogirona.com\\\/es\\\/preguntas-frecuentes\\\/\"]}]},{\"@type\":\"BreadcrumbList\",\"@id\":\"https:\\\/\\\/brucevogirona.com\\\/es\\\/preguntas-frecuentes\\\/#breadcrumb\",\"itemListElement\":[{\"@type\":\"ListItem\",\"position\":1,\"name\":\"Portada\",\"item\":\"https:\\\/\\\/brucevogirona.com\\\/es\\\/\"},{\"@type\":\"ListItem\",\"position\":2,\"name\":\"Preguntas frecuentes\"}]},{\"@type\":\"WebSite\",\"@id\":\"https:\\\/\\\/brucevogirona.com\\\/es\\\/#website\",\"url\":\"https:\\\/\\\/brucevogirona.com\\\/es\\\/\",\"name\":\"BRUCEVO Girona\",\"description\":\"Experts en tanques de bruc natural a Girona\",\"potentialAction\":[{\"@type\":\"SearchAction\",\"target\":{\"@type\":\"EntryPoint\",\"urlTemplate\":\"https:\\\/\\\/brucevogirona.com\\\/es\\\/?s={search_term_string}\"},\"query-input\":{\"@type\":\"PropertyValueSpecification\",\"valueRequired\":true,\"valueName\":\"search_term_string\"}}],\"inLanguage\":\"es\"}]}<\/script>\n<!-- \/ Yoast SEO plugin. -->","yoast_head_json":{"title":"Preguntas frecuentes - BRUCEVO Girona","robots":{"index":"index","follow":"follow","max-snippet":"max-snippet:-1","max-image-preview":"max-image-preview:large","max-video-preview":"max-video-preview:-1"},"canonical":"https:\/\/brucevogirona.com\/es\/preguntas-frecuentes\/","og_locale":"es_ES","og_type":"article","og_title":"Preguntas frecuentes - BRUCEVO Girona","og_description":"Empiece sin dudarlo Preguntas frecuentes Inf\u00f3rmese antes de decidir \u00bfCu\u00e1nto dura una valla de brezo natural? Nuestros paneles pueden durar entre 5 y 15 a\u00f1os seg\u00fan el clima y el mantenimiento. \u00bfCu\u00e1l es el pedido m\u00ednimo? Ofrecemos flexibilidad: desde peque\u00f1os proyectos hasta grandes vol\u00famenes. \u00bfQu\u00e9 tama\u00f1os est\u00e1n disponibles? Disponemos de varios altos y grosores. Tambi\u00e9n [&hellip;]","og_url":"https:\/\/brucevogirona.com\/es\/preguntas-frecuentes\/","og_site_name":"BRUCEVO Girona","article_modified_time":"2025-10-21T07:24:47+00:00","twitter_card":"summary_large_image","twitter_misc":{"Tiempo de lectura":"1 minuto"},"schema":{"@context":"https:\/\/schema.org","@graph":[{"@type":"WebPage","@id":"https:\/\/brucevogirona.com\/es\/preguntas-frecuentes\/","url":"https:\/\/brucevogirona.com\/es\/preguntas-frecuentes\/","name":"Preguntas frecuentes - BRUCEVO Girona","isPartOf":{"@id":"https:\/\/brucevogirona.com\/es\/#website"},"datePublished":"2025-09-15T09:41:50+00:00","dateModified":"2025-10-21T07:24:47+00:00","breadcrumb":{"@id":"https:\/\/brucevogirona.com\/es\/preguntas-frecuentes\/#breadcrumb"},"inLanguage":"es","potentialAction":[{"@type":"ReadAction","target":["https:\/\/brucevogirona.com\/es\/preguntas-frecuentes\/"]}]},{"@type":"BreadcrumbList","@id":"https:\/\/brucevogirona.com\/es\/preguntas-frecuentes\/#breadcrumb","itemListElement":[{"@type":"ListItem","position":1,"name":"Portada","item":"https:\/\/brucevogirona.com\/es\/"},{"@type":"ListItem","position":2,"name":"Preguntas frecuentes"}]},{"@type":"WebSite","@id":"https:\/\/brucevogirona.com\/es\/#website","url":"https:\/\/brucevogirona.com\/es\/","name":"BRUCEVO Girona","description":"Experts en tanques de bruc natural a Girona","potentialAction":[{"@type":"SearchAction","target":{"@type":"EntryPoint","urlTemplate":"https:\/\/brucevogirona.com\/es\/?s={search_term_string}"},"query-input":{"@type":"PropertyValueSpecification","valueRequired":true,"valueName":"search_term_string"}}],"inLanguage":"es"}]}},"_links":{"self":[{"href":"https:\/\/brucevogirona.com\/es\/wp-json\/wp\/v2\/pages\/643","targetHints":{"allow":["GET"]}}],"collection":[{"href":"https:\/\/brucevogirona.com\/es\/wp-json\/wp\/v2\/pages"}],"about":[{"href":"https:\/\/brucevogirona.com\/es\/wp-json\/wp\/v2\/types\/page"}],"author":[{"embeddable":true,"href":"https:\/\/brucevogirona.com\/es\/wp-json\/wp\/v2\/users\/2"}],"replies":[{"embeddable":true,"href":"https:\/\/brucevogirona.com\/es\/wp-json\/wp\/v2\/comments?post=643"}],"version-history":[{"count":4,"href":"https:\/\/brucevogirona.com\/es\/wp-json\/wp\/v2\/pages\/643\/revisions"}],"predecessor-version":[{"id":866,"href":"https:\/\/brucevogirona.com\/es\/wp-json\/wp\/v2\/pages\/643\/revisions\/866"}],"wp:attachment":[{"href":"https:\/\/brucevogirona.com\/es\/wp-json\/wp\/v2\/media?parent=643"}],"curies":[{"name":"wp","href":"https:\/\/api.w.org\/{rel}","templated":true}]}}