{"id":684,"date":"2023-07-21T08:17:55","date_gmt":"2023-07-21T06:17:55","guid":{"rendered":"https:\/\/brucevogirona.com\/?page_id=684"},"modified":"2025-09-23T11:17:43","modified_gmt":"2025-09-23T09:17:43","slug":"aviso-legal","status":"publish","type":"page","link":"https:\/\/brucevogirona.com\/es\/aviso-legal\/","title":{"rendered":"Aviso legal"},"content":{"rendered":"\t\t<div data-elementor-type=\"wp-page\" data-elementor-id=\"684\" class=\"elementor elementor-684 elementor-73\" data-elementor-post-type=\"page\">\n\t\t\t\t\t\t<section class=\"elementor-section elementor-top-section elementor-element elementor-element-2456a92 elementor-section-boxed elementor-section-height-default elementor-section-height-default\" data-id=\"2456a92\" data-element_type=\"section\" data-e-type=\"section\">\n\t\t\t\t\t\t<div class=\"elementor-container elementor-column-gap-default\">\n\t\t\t\t\t<div class=\"elementor-column elementor-col-100 elementor-top-column elementor-element elementor-element-6bd287e\" data-id=\"6bd287e\" data-element_type=\"column\" data-e-type=\"column\">\n\t\t\t<div class=\"elementor-widget-wrap elementor-element-populated\">\n\t\t\t\t\t\t<div class=\"elementor-element elementor-element-7734be7 elementor-widget elementor-widget-text-editor\" data-id=\"7734be7\" data-element_type=\"widget\" data-e-type=\"widget\" data-widget_type=\"text-editor.default\">\n\t\t\t\t<div class=\"elementor-widget-container\">\n\t\t\t\t\t\t\t\t\t<div class=\"elementor-element elementor-element-8a66503 elementor-widget elementor-widget-heading\" data-id=\"8a66503\" data-element_type=\"widget\" data-widget_type=\"heading.default\"><div class=\"elementor-widget-container\"><h2 class=\"elementor-heading-title elementor-size-default\">Makan Yattabare<\/h2><\/div><\/div><div class=\"elementor-element elementor-element-9820803 elementor-widget elementor-widget-text-editor\" data-id=\"9820803\" data-element_type=\"widget\" data-widget_type=\"text-editor.default\"><div class=\"elementor-widget-container\"><div class=\"elementor-element elementor-element-24d9d44 elementor-widget elementor-widget-text-editor\" data-id=\"24d9d44\" data-element_type=\"widget\" data-widget_type=\"text-editor.default\"><div class=\"elementor-widget-container\"><p><b>Informaci\u00f3n de Conformidad con el art\u00edculo 10 de la LSSI<\/b><\/p><p><b>La titular de esta web es:<\/b><\/p><p>Identidad: <span style=\"color: var( --e-global-color-text ); font-family: var( --e-global-typography-text-font-family ), Sans-serif; font-weight: var( --e-global-typography-text-font-weight ); font-size: 1rem;\">Makan Yattabare<\/span><\/p><p>NIF: X8541345L<\/p><p>Direcci\u00f3n: 41\u00b051\\'30.0\\\"N 2\u00b052\\'21.3\\\"E<\/p><p>Tel.: 630 47 62 73<\/p><p>Email: <span id=\"eeb-939248-163482\">brucevo2020@gmail.com<\/span><\/p><p><b>Condiciones de uso<\/b><\/p><p>El uso de esta web implica la aceptaci\u00f3n plena de los t\u00e9rminos y condiciones del presente aviso legal. Los posibles conflictos relativos a esta web se regir\u00e1n exclusivamente por el derecho del Estado espa\u00f1ol. Toda persona usuaria de la web, independientemente de la jurisdicci\u00f3n territorial desde la que se produzca su acceso, acepta el cumplimiento y respeto de estas cl\u00e1usulas con renuncia expresa a cualquier otro fuero que pudiera corresponderle.<\/p><p><b>Propiedad intelectual e industrial<\/b><\/p><p>La totalidad del contenido de este sitio web, ya sean textos, im\u00e1genes, sonidos, marcas, logotipos u otros elementos, as\u00ed como su estructura, dise\u00f1o, combinaciones de colores o forma de presentaci\u00f3n de los materiales, est\u00e1n protegidos por derechos de propiedad industrial e intelectual que el usuario de este sitio web debe respetar. No es l\u00edcita su transformaci\u00f3n o alteraci\u00f3n, comunicaci\u00f3n p\u00fablica o cualquier otra forma de explotaci\u00f3n por cualquier procedimiento sin la autorizaci\u00f3n expresa de <span style=\"color: var( --e-global-color-text ); font-family: var( --e-global-typography-text-font-family ), Sans-serif; font-weight: var( --e-global-typography-text-font-weight ); font-size: 1rem;\">Makan Yattabare<\/span>.<\/p><p><b>Responsabilidad sobre los contenidos<\/b><\/p><p>Aunque <span style=\"color: var( --e-global-color-text ); font-family: var( --e-global-typography-text-font-family ), Sans-serif; font-weight: var( --e-global-typography-text-font-weight ); font-size: 1rem;\">Makan Yattabare<\/span> act\u00faa con la m\u00e1xima diligencia posible, puede darse el caso de que alg\u00fan dato o informaci\u00f3n no est\u00e9 totalmente actualizada en el momento en que el usuario del sitio web lo consulte. Por ello, la informaci\u00f3n que se presenta en esta web tiene una funci\u00f3n orientativa y no obliga a <span style=\"color: var( --e-global-color-text ); font-family: var( --e-global-typography-text-font-family ), Sans-serif; font-weight: var( --e-global-typography-text-font-weight ); font-size: 1rem;\">Makan Yattabare<\/span>.<\/p><p><span style=\"color: var( --e-global-color-text ); font-family: var( --e-global-typography-text-font-family ), Sans-serif; font-weight: var( --e-global-typography-text-font-weight ); font-size: 1rem;\">Makan Yattabare<\/span> no ser\u00e1 responsable de la informaci\u00f3n que se pueda obtener a trav\u00e9s de enlaces incluidos en su web.<\/p><p><span style=\"color: var( --e-global-color-text ); font-family: var( --e-global-typography-text-font-family ), Sans-serif; font-weight: var( --e-global-typography-text-font-weight ); font-size: 1rem;\">Makan Yattabare<\/span> se reserva la facultad de realizar, en cualquier momento y sin necesidad de previo aviso, modificaciones o actualizaciones de la informaci\u00f3n y de cualquiera de los elementos que integren el dise\u00f1o y configuraci\u00f3n de la p\u00e1gina web.<\/p><p><b>Ley aplicable y jurisdicci\u00f3n:<\/b><\/p><p>El uso de este sitio web implica la aceptaci\u00f3n plena de los t\u00e9rminos y condiciones en el presente aviso legal. Los posibles conflictos relativos a esta web se regir\u00e1n exclusivamente por la legislaci\u00f3n espa\u00f1ola, siendo competentes los Juzgados y Tribunales espa\u00f1oles para conocer cualquier cuesti\u00f3n que se suscite sobre ella. El usuario, en virtud de su aceptaci\u00f3n, renuncia expresamente a cualquier fuero que por aplicaci\u00f3n de la Ley de Enjuiciamiento Civil vigente pudiera corresponderle.<\/p><\/div><\/div><\/div><\/div>\t\t\t\t\t\t\t\t<\/div>\n\t\t\t\t<\/div>\n\t\t\t\t\t<\/div>\n\t\t<\/div>\n\t\t\t\t\t<\/div>\n\t\t<\/section>\n\t\t\t\t<\/div>\n\t\t","protected":false},"excerpt":{"rendered":"<p>Makan Yattabare Informaci\u00f3n de Conformidad con el art\u00edculo 10 de la LSSI La titular de esta web es: Identidad: Makan Yattabare NIF: X8541345L Direcci\u00f3n: 41\u00b051\\&#8217;30.0\\\u00bbN 2\u00b052\\&#8217;21.3\\\u00bbE Tel.: 630 47 62 73 Email: brucevo2020@gmail.com Condiciones de uso El uso de esta web implica la aceptaci\u00f3n plena de los t\u00e9rminos y condiciones del presente aviso legal. Los [&hellip;]<\/p>\n","protected":false},"author":2,"featured_media":0,"parent":0,"menu_order":0,"comment_status":"closed","ping_status":"closed","template":"","meta":{"footnotes":""},"class_list":["post-684","page","type-page","status-publish","hentry"],"yoast_head":"<!-- This site is optimized with the Yoast SEO plugin v27.4 - https:\/\/yoast.com\/product\/yoast-seo-wordpress\/ -->\n<title>Aviso legal - BRUCEVO Girona<\/title>\n<meta name=\"robots\" content=\"index, follow, max-snippet:-1, max-image-preview:large, max-video-preview:-1\" \/>\n<link rel=\"canonical\" href=\"https:\/\/brucevogirona.com\/es\/aviso-legal\/\" \/>\n<meta property=\"og:locale\" content=\"es_ES\" \/>\n<meta property=\"og:type\" content=\"article\" \/>\n<meta property=\"og:title\" content=\"Aviso legal - BRUCEVO Girona\" \/>\n<meta property=\"og:description\" content=\"Makan Yattabare Informaci\u00f3n de Conformidad con el art\u00edculo 10 de la LSSI La titular de esta web es: Identidad: Makan Yattabare NIF: X8541345L Direcci\u00f3n: 41\u00b051&#8217;30.0\u00bbN 2\u00b052&#8217;21.3\u00bbE Tel.: 630 47 62 73 Email: brucevo2020@gmail.com Condiciones de uso El uso de esta web implica la aceptaci\u00f3n plena de los t\u00e9rminos y condiciones del presente aviso legal. Los [&hellip;]\" \/>\n<meta property=\"og:url\" content=\"https:\/\/brucevogirona.com\/es\/aviso-legal\/\" \/>\n<meta property=\"og:site_name\" content=\"BRUCEVO Girona\" \/>\n<meta property=\"article:modified_time\" content=\"2025-09-23T09:17:43+00:00\" \/>\n<meta name=\"twitter:card\" content=\"summary_large_image\" \/>\n<meta name=\"twitter:label1\" content=\"Tiempo de lectura\" \/>\n\t<meta name=\"twitter:data1\" content=\"6 minutos\" \/>\n<script type=\"application\/ld+json\" class=\"yoast-schema-graph\">{\"@context\":\"https:\\\/\\\/schema.org\",\"@graph\":[{\"@type\":\"WebPage\",\"@id\":\"https:\\\/\\\/brucevogirona.com\\\/es\\\/aviso-legal\\\/\",\"url\":\"https:\\\/\\\/brucevogirona.com\\\/es\\\/aviso-legal\\\/\",\"name\":\"Aviso legal - BRUCEVO Girona\",\"isPartOf\":{\"@id\":\"https:\\\/\\\/brucevogirona.com\\\/es\\\/#website\"},\"datePublished\":\"2023-07-21T06:17:55+00:00\",\"dateModified\":\"2025-09-23T09:17:43+00:00\",\"breadcrumb\":{\"@id\":\"https:\\\/\\\/brucevogirona.com\\\/es\\\/aviso-legal\\\/#breadcrumb\"},\"inLanguage\":\"es\",\"potentialAction\":[{\"@type\":\"ReadAction\",\"target\":[\"https:\\\/\\\/brucevogirona.com\\\/es\\\/aviso-legal\\\/\"]}]},{\"@type\":\"BreadcrumbList\",\"@id\":\"https:\\\/\\\/brucevogirona.com\\\/es\\\/aviso-legal\\\/#breadcrumb\",\"itemListElement\":[{\"@type\":\"ListItem\",\"position\":1,\"name\":\"Portada\",\"item\":\"https:\\\/\\\/brucevogirona.com\\\/es\\\/\"},{\"@type\":\"ListItem\",\"position\":2,\"name\":\"Aviso legal\"}]},{\"@type\":\"WebSite\",\"@id\":\"https:\\\/\\\/brucevogirona.com\\\/es\\\/#website\",\"url\":\"https:\\\/\\\/brucevogirona.com\\\/es\\\/\",\"name\":\"BRUCEVO Girona\",\"description\":\"Experts en tanques de bruc natural a Girona\",\"potentialAction\":[{\"@type\":\"SearchAction\",\"target\":{\"@type\":\"EntryPoint\",\"urlTemplate\":\"https:\\\/\\\/brucevogirona.com\\\/es\\\/?s={search_term_string}\"},\"query-input\":{\"@type\":\"PropertyValueSpecification\",\"valueRequired\":true,\"valueName\":\"search_term_string\"}}],\"inLanguage\":\"es\"}]}<\/script>\n<!-- \/ Yoast SEO plugin. -->","yoast_head_json":{"title":"Aviso legal - BRUCEVO Girona","robots":{"index":"index","follow":"follow","max-snippet":"max-snippet:-1","max-image-preview":"max-image-preview:large","max-video-preview":"max-video-preview:-1"},"canonical":"https:\/\/brucevogirona.com\/es\/aviso-legal\/","og_locale":"es_ES","og_type":"article","og_title":"Aviso legal - BRUCEVO Girona","og_description":"Makan Yattabare Informaci\u00f3n de Conformidad con el art\u00edculo 10 de la LSSI La titular de esta web es: Identidad: Makan Yattabare NIF: X8541345L Direcci\u00f3n: 41\u00b051&#8217;30.0\u00bbN 2\u00b052&#8217;21.3\u00bbE Tel.: 630 47 62 73 Email: brucevo2020@gmail.com Condiciones de uso El uso de esta web implica la aceptaci\u00f3n plena de los t\u00e9rminos y condiciones del presente aviso legal. Los [&hellip;]","og_url":"https:\/\/brucevogirona.com\/es\/aviso-legal\/","og_site_name":"BRUCEVO Girona","article_modified_time":"2025-09-23T09:17:43+00:00","twitter_card":"summary_large_image","twitter_misc":{"Tiempo de lectura":"6 minutos"},"schema":{"@context":"https:\/\/schema.org","@graph":[{"@type":"WebPage","@id":"https:\/\/brucevogirona.com\/es\/aviso-legal\/","url":"https:\/\/brucevogirona.com\/es\/aviso-legal\/","name":"Aviso legal - BRUCEVO Girona","isPartOf":{"@id":"https:\/\/brucevogirona.com\/es\/#website"},"datePublished":"2023-07-21T06:17:55+00:00","dateModified":"2025-09-23T09:17:43+00:00","breadcrumb":{"@id":"https:\/\/brucevogirona.com\/es\/aviso-legal\/#breadcrumb"},"inLanguage":"es","potentialAction":[{"@type":"ReadAction","target":["https:\/\/brucevogirona.com\/es\/aviso-legal\/"]}]},{"@type":"BreadcrumbList","@id":"https:\/\/brucevogirona.com\/es\/aviso-legal\/#breadcrumb","itemListElement":[{"@type":"ListItem","position":1,"name":"Portada","item":"https:\/\/brucevogirona.com\/es\/"},{"@type":"ListItem","position":2,"name":"Aviso legal"}]},{"@type":"WebSite","@id":"https:\/\/brucevogirona.com\/es\/#website","url":"https:\/\/brucevogirona.com\/es\/","name":"BRUCEVO Girona","description":"Experts en tanques de bruc natural a Girona","potentialAction":[{"@type":"SearchAction","target":{"@type":"EntryPoint","urlTemplate":"https:\/\/brucevogirona.com\/es\/?s={search_term_string}"},"query-input":{"@type":"PropertyValueSpecification","valueRequired":true,"valueName":"search_term_string"}}],"inLanguage":"es"}]}},"_links":{"self":[{"href":"https:\/\/brucevogirona.com\/es\/wp-json\/wp\/v2\/pages\/684","targetHints":{"allow":["GET"]}}],"collection":[{"href":"https:\/\/brucevogirona.com\/es\/wp-json\/wp\/v2\/pages"}],"about":[{"href":"https:\/\/brucevogirona.com\/es\/wp-json\/wp\/v2\/types\/page"}],"author":[{"embeddable":true,"href":"https:\/\/brucevogirona.com\/es\/wp-json\/wp\/v2\/users\/2"}],"replies":[{"embeddable":true,"href":"https:\/\/brucevogirona.com\/es\/wp-json\/wp\/v2\/comments?post=684"}],"version-history":[{"count":8,"href":"https:\/\/brucevogirona.com\/es\/wp-json\/wp\/v2\/pages\/684\/revisions"}],"predecessor-version":[{"id":693,"href":"https:\/\/brucevogirona.com\/es\/wp-json\/wp\/v2\/pages\/684\/revisions\/693"}],"wp:attachment":[{"href":"https:\/\/brucevogirona.com\/es\/wp-json\/wp\/v2\/media?parent=684"}],"curies":[{"name":"wp","href":"https:\/\/api.w.org\/{rel}","templated":true}]}}